{"id":59,"date":"2018-02-25T23:52:52","date_gmt":"2018-02-25T20:52:52","guid":{"rendered":"http:\/\/abc.test\/?page_id=59"},"modified":"2020-09-04T13:35:48","modified_gmt":"2020-09-04T10:35:48","slug":"kurumsal","status":"publish","type":"page","link":"https:\/\/www.abcsealants.com\/en\/kurumsal\/","title":{"rendered":"Kurumsal"},"content":{"rendered":"<p>S\u0131zd\u0131rmazl\u0131k ve yap\u0131\u015ft\u0131r\u0131c\u0131 \u00fcr\u00fcnleri sekt\u00f6r\u00fcnde \u00f6nc\u00fc markalardan biri olan ABC Kimya Sanayi ve D\u0131\u015f Ticaret A.\u015e., 2007 y\u0131l\u0131nda faaliyetlerine ba\u015flad\u0131.<\/p>\n<p>ABC Kimya Sanayi ve D\u0131\u015f Tic. A.\u015e., \u0130stanbul Silivri\u2019de bulunan \u00fcretim tesislerinde akrilik, silikon, hibrit esasl\u0131 mastiklerin yan\u0131 s\u0131ra in\u015faat ve end\u00fcstriyel imalat sekt\u00f6rlerinde kullan\u0131lan muhtelif yap\u0131\u015ft\u0131r\u0131c\u0131lar\u0131 \u00fcretmektedir. ABC Kimya Sanayi ve D\u0131\u015f Tic. A.\u015e., geni\u015f \u00fcr\u00fcn portf\u00f6y\u00fc ile, T\u00fcrkiye pazar\u0131n\u0131n yan\u0131nda yakla\u015f\u0131k 40 \u00fclkede bulunan m\u00fc\u015fterilerinin ihtiya\u00e7lar\u0131na y\u00f6nelik \u00e7\u00f6z\u00fcmler de \u00fcreterek ihracat ger\u00e7ekle\u015ftiren, yap\u0131\u015ft\u0131r\u0131c\u0131 ve s\u0131zd\u0131rmazl\u0131k hedef pazar\u0131n\u0131n T\u00fcrkiye\u2019deki \u00f6nde gelen \u00fcreticilerinden biridir.<\/p>\n<p>Deneyimli ve tecr\u00fcbeli ekibi ile birlikte \u00fcst\u00fcn kalitede \u00fcr\u00fcnler ve hizmet sunan ABC Kimya Sanayi ve D\u0131\u015f Ticaret A.\u015e.\u2019nin geni\u015f \u00fcr\u00fcn yelpazesinin i\u00e7inde silikonlar, akrilik mastikler, poli\u00fcretan k\u00f6p\u00fckler, PU mastikler, hibrit mastikler, mermer yap\u0131\u015ft\u0131r\u0131c\u0131lar, genel maksatl\u0131 yap\u0131\u015ft\u0131r\u0131c\u0131lar, kimyasal d\u00fcbel(ankraj) bulunmaktad\u0131r.<\/p>\n<p>2017 senesinde yap\u0131 kimyasallar\u0131 ve end\u00fcstriyel yap\u0131\u015ft\u0131r\u0131c\u0131lar sekt\u00f6r\u00fcn\u00fcn \u0130svi\u00e7re merkezli d\u00fcnya lideri Sika Grubu\u2019nun b\u00fcnyesine kat\u0131lan ABC Kimya Sanayi ve D\u0131\u015f Ticaret A.\u015e. s\u0131zd\u0131rmazl\u0131k \u00fcr\u00fcn grubundaki pazar konumunu daha da g\u00fc\u00e7lendirerek ihracat a\u011f\u0131n\u0131 daha da geni\u015fletmi\u015ftir.<\/p>\n","protected":false},"excerpt":{"rendered":"<p>S\u0131zd\u0131rmazl\u0131k ve yap\u0131\u015ft\u0131r\u0131c\u0131 \u00fcr\u00fcnleri sekt\u00f6r\u00fcnde \u00f6nc\u00fc markalardan biri olan ABC Kimya Sanayi ve D\u0131\u015f Ticaret A.\u015e., 2007 y\u0131l\u0131nda faaliyetlerine ba\u015flad\u0131. ABC Kimya Sanayi ve D\u0131\u015f Tic. A.\u015e., \u0130stanbul Silivri\u2019de bulunan \u00fcretim tesislerinde akrilik, silikon, hibrit esasl\u0131 mastiklerin yan\u0131 s\u0131ra in\u015faat ve end\u00fcstriyel imalat sekt\u00f6rlerinde kullan\u0131lan muhtelif yap\u0131\u015ft\u0131r\u0131c\u0131lar\u0131 \u00fcretmektedir. ABC Kimya Sanayi ve D\u0131\u015f Tic. A.\u015e., [&hellip;]<\/p>\n","protected":false},"author":6,"featured_media":563,"parent":0,"menu_order":7,"comment_status":"closed","ping_status":"closed","template":"","meta":{"_acf_changed":false,"footnotes":""},"class_list":["post-59","page","type-page","status-publish","has-post-thumbnail","hentry"],"translation":{"provider":"WPGlobus","version":"3.0.2","language":"en","enabled_languages":["tr","en"],"languages":{"tr":{"title":true,"content":true,"excerpt":false},"en":{"title":false,"content":false,"excerpt":false}}},"acf":[],"_links":{"self":[{"href":"https:\/\/www.abcsealants.com\/en\/wp-json\/wp\/v2\/pages\/59","targetHints":{"allow":["GET"]}}],"collection":[{"href":"https:\/\/www.abcsealants.com\/en\/wp-json\/wp\/v2\/pages"}],"about":[{"href":"https:\/\/www.abcsealants.com\/en\/wp-json\/wp\/v2\/types\/page"}],"author":[{"embeddable":true,"href":"https:\/\/www.abcsealants.com\/en\/wp-json\/wp\/v2\/users\/6"}],"replies":[{"embeddable":true,"href":"https:\/\/www.abcsealants.com\/en\/wp-json\/wp\/v2\/comments?post=59"}],"version-history":[{"count":0,"href":"https:\/\/www.abcsealants.com\/en\/wp-json\/wp\/v2\/pages\/59\/revisions"}],"wp:featuredmedia":[{"embeddable":true,"href":"https:\/\/www.abcsealants.com\/en\/wp-json\/wp\/v2\/media\/563"}],"wp:attachment":[{"href":"https:\/\/www.abcsealants.com\/en\/wp-json\/wp\/v2\/media?parent=59"}],"curies":[{"name":"wp","href":"https:\/\/api.w.org\/{rel}","templated":true}]}}