{"id":77,"date":"2018-02-25T23:55:09","date_gmt":"2018-02-25T20:55:09","guid":{"rendered":"http:\/\/abc.test\/?page_id=77"},"modified":"2018-04-16T13:44:38","modified_gmt":"2018-04-16T10:44:38","slug":"abc-kimyada-calismak","status":"publish","type":"page","link":"https:\/\/www.abcsealants.com\/en\/kariyer\/abc-kimyada-calismak\/","title":{"rendered":"ABC Kimya&#8217;da \u00c7al\u0131\u015fmak"},"content":{"rendered":"<p>ABC\u2019de ortakl\u0131k, diren\u00e7 ve yenilik de\u011ferlerine dayanan kurumsal bir k\u00fclt\u00fcr oldu\u011funu g\u00f6receksiniz. \u00c7ok \u015fey bekliyoruz ama sundu\u011fumuz \u00e7ok daha fazla \u015fey var. Ulusal seviyelerdeki sosyal g\u00fcvenlik imk\u00e2nlar\u0131 ve maa\u015flar ile hedefimiz, performans\u0131 ve sorumlulu\u011fa ba\u011fl\u0131 olarak elde edilen ba\u011fl\u0131l\u0131\u011f\u0131 \u00f6d\u00fcllendirmek. Ayr\u0131ca \u015fu konulara da \u00f6ncelik veriyoruz:<\/p>\n<div class=\"image-wrapper\"><\/div>\n<div class=\"image-text\">\n<div class=\"headline-secondary\"><strong>Geli\u015fme F\u0131rsat\u0131<\/strong><\/div>\n<p>Hedefimiz, yeteneklerin geli\u015ftirilmesi i\u00e7in f\u0131rsat olu\u015fturmak. \u00c7al\u0131\u015fanlar\u0131m\u0131z\u0131n belirlenen hedeflere ula\u015fmas\u0131n\u0131 beklerken, ayn\u0131 zamanda i\u015f tasar\u0131m\u0131, uluslararas\u0131 kariyer f\u0131rsatlar\u0131 ve ekip \u00e7al\u0131\u015fmas\u0131n\u0131n ABC\u2019de \u00e7al\u0131\u015fanlar i\u00e7in temel unsurlar olmas\u0131 i\u00e7in de esneklik sa\u011fl\u0131yoruz.<\/p>\n<div class=\"headline-secondary\"><strong>Bireysel Sorumluluk<\/strong><\/div>\n<p>ABC\u00a0\u00e7al\u0131\u015fanlar\u0131n\u0131n en g\u00f6ze \u00e7arpan \u00f6zelli\u011fi, y\u00fcksek derecede sosyal yetenek ile karma\u015f\u0131k bir i\u015fi ger\u00e7ekle\u015ftirebilme becerileri, i\u015fi ilerletebilmeleri, de\u011fi\u015fik se\u00e7eneklere uyum sa\u011flayabilmeleri ve stratejik hedeflere g\u00f6re konumlanabilmeleri. Amac\u0131n\u0131z sadece ger\u00e7ekle\u015ftirmek de\u011fil, sonu\u00e7lar\u0131 zaman\u0131nda ortaya koymak m\u0131? \u00d6yleyse,\u00a0ABC bunun i\u00e7in uygun.<\/p>\n<div class=\"headline-secondary\"><strong>Pragmatik \u00c7al\u0131\u015fma Ortam\u0131<\/strong><\/div>\n<p>Siz, m\u00fckemmel olmak i\u00e7in \u00e7abal\u0131yorsunuz. ABC, \u00e7al\u0131\u015fanlar\u0131n kendi mesleki donan\u0131mlar\u0131na ve ki\u015fisel becerilerine g\u00f6re geli\u015febildikleri bir faaliyet ortam\u0131n\u0131 te\u015fvik ediyor. Yenilik, performans ve kar\u015f\u0131l\u0131kl\u0131 sayg\u0131n\u0131n geli\u015febildi\u011fi, i\u015flerin yap\u0131lmas\u0131 amac\u0131yla personelin performans\u0131n\u0131 te\u015fvik eden bir ortam i\u00e7in \u00e7aba sarf ediyoruz.<\/p>\n<div class=\"headline-secondary\"><strong>A\u00e7\u0131k \u0130leti\u015fim<\/strong><\/div>\n<p>A\u00e7\u0131k, \u00f6zel ama\u00e7l\u0131 ve anla\u015f\u0131l\u0131r ileti\u015fim standartlar\u0131 taahh\u00fct ediyoruz. ABC\u2019nin kurumsal yap\u0131s\u0131, karar almada uzman \u00e7al\u0131\u015fanlar\u0131n yer almas\u0131n\u0131 garantileyen i\u015f birlik\u00e7i bir y\u00f6netim tarz\u0131 ile tamamlan\u0131yor.<\/p>\n<div class=\"headline-secondary\"><strong>G\u00fcvenilirlik ve Sa\u011flaml\u0131k<\/strong><\/div>\n<p>ABC\u00a0s\u00fcrekli olarak ba\u015far\u0131l\u0131 bir \u015fekilde geli\u015fiyor ve b\u00fcy\u00fcyor. G\u00fcn\u00fcm\u00fczde, uzun vadeli hedeflere g\u00f6re olu\u015fturulan kurumsal geli\u015fmelerle ayn\u0131 do\u011frultuda olmak i\u00e7in, yenilikler ile ilerleme cesareti diren\u00e7 ile birle\u015fiyor.\u00a0ABC uzun vadede i\u015f olu\u015fturmak ve i\u015fleri muhafaza etmek i\u00e7in s\u00fcrd\u00fcr\u00fclebilir b\u00fcy\u00fcmeyi g\u00fcvenceye al\u0131yor.<\/p>\n<\/div>\n","protected":false},"excerpt":{"rendered":"<p>ABC\u2019de ortakl\u0131k, diren\u00e7 ve yenilik de\u011ferlerine dayanan kurumsal bir k\u00fclt\u00fcr oldu\u011funu g\u00f6receksiniz. \u00c7ok \u015fey bekliyoruz ama sundu\u011fumuz \u00e7ok daha fazla \u015fey var. Ulusal seviyelerdeki sosyal g\u00fcvenlik imk\u00e2nlar\u0131 ve maa\u015flar ile hedefimiz, performans\u0131 ve sorumlulu\u011fa ba\u011fl\u0131 olarak elde edilen ba\u011fl\u0131l\u0131\u011f\u0131 \u00f6d\u00fcllendirmek. Ayr\u0131ca \u015fu konulara da \u00f6ncelik veriyoruz: Geli\u015fme F\u0131rsat\u0131 Hedefimiz, yeteneklerin geli\u015ftirilmesi i\u00e7in f\u0131rsat olu\u015fturmak. \u00c7al\u0131\u015fanlar\u0131m\u0131z\u0131n [&hellip;]<\/p>\n","protected":false},"author":6,"featured_media":569,"parent":65,"menu_order":11,"comment_status":"closed","ping_status":"closed","template":"","meta":{"_acf_changed":false,"footnotes":""},"class_list":["post-77","page","type-page","status-publish","has-post-thumbnail","hentry"],"translation":{"provider":"WPGlobus","version":"3.0.2","language":"en","enabled_languages":["tr","en"],"languages":{"tr":{"title":true,"content":true,"excerpt":false},"en":{"title":false,"content":false,"excerpt":false}}},"acf":[],"_links":{"self":[{"href":"https:\/\/www.abcsealants.com\/en\/wp-json\/wp\/v2\/pages\/77","targetHints":{"allow":["GET"]}}],"collection":[{"href":"https:\/\/www.abcsealants.com\/en\/wp-json\/wp\/v2\/pages"}],"about":[{"href":"https:\/\/www.abcsealants.com\/en\/wp-json\/wp\/v2\/types\/page"}],"author":[{"embeddable":true,"href":"https:\/\/www.abcsealants.com\/en\/wp-json\/wp\/v2\/users\/6"}],"replies":[{"embeddable":true,"href":"https:\/\/www.abcsealants.com\/en\/wp-json\/wp\/v2\/comments?post=77"}],"version-history":[{"count":0,"href":"https:\/\/www.abcsealants.com\/en\/wp-json\/wp\/v2\/pages\/77\/revisions"}],"up":[{"embeddable":true,"href":"https:\/\/www.abcsealants.com\/en\/wp-json\/wp\/v2\/pages\/65"}],"wp:featuredmedia":[{"embeddable":true,"href":"https:\/\/www.abcsealants.com\/en\/wp-json\/wp\/v2\/media\/569"}],"wp:attachment":[{"href":"https:\/\/www.abcsealants.com\/en\/wp-json\/wp\/v2\/media?parent=77"}],"curies":[{"name":"wp","href":"https:\/\/api.w.org\/{rel}","templated":true}]}}