{"id":79,"date":"2018-02-25T23:55:20","date_gmt":"2018-02-25T20:55:20","guid":{"rendered":"http:\/\/abc.test\/?page_id=79"},"modified":"2018-04-16T13:46:43","modified_gmt":"2018-04-16T10:46:43","slug":"insan-kaynaklari","status":"publish","type":"page","link":"https:\/\/www.abcsealants.com\/en\/kariyer\/insan-kaynaklari\/","title":{"rendered":"\u0130nsan Kaynaklar\u0131"},"content":{"rendered":"<h2 class=\"headline-element\">Bize Kat\u0131l\u0131n<\/h2>\n<p>ABC\u00a0ruhu, \u015firketimizin DNA&#8217;s\u0131n\u0131 olu\u015fturan bir dizi g\u00fc\u00e7l\u00fc de\u011fer ve ilkeyle e\u015f anlaml\u0131d\u0131r.<\/p>\n","protected":false},"excerpt":{"rendered":"<p>Bize Kat\u0131l\u0131n ABC\u00a0ruhu, \u015firketimizin DNA&#8217;s\u0131n\u0131 olu\u015fturan bir dizi g\u00fc\u00e7l\u00fc de\u011fer ve ilkeyle e\u015f anlaml\u0131d\u0131r.<\/p>\n","protected":false},"author":6,"featured_media":573,"parent":65,"menu_order":12,"comment_status":"closed","ping_status":"closed","template":"","meta":{"_acf_changed":false,"footnotes":""},"class_list":["post-79","page","type-page","status-publish","has-post-thumbnail","hentry"],"translation":{"provider":"WPGlobus","version":"3.0.2","language":"en","enabled_languages":["tr","en"],"languages":{"tr":{"title":true,"content":true,"excerpt":false},"en":{"title":false,"content":false,"excerpt":false}}},"acf":[],"_links":{"self":[{"href":"https:\/\/www.abcsealants.com\/en\/wp-json\/wp\/v2\/pages\/79","targetHints":{"allow":["GET"]}}],"collection":[{"href":"https:\/\/www.abcsealants.com\/en\/wp-json\/wp\/v2\/pages"}],"about":[{"href":"https:\/\/www.abcsealants.com\/en\/wp-json\/wp\/v2\/types\/page"}],"author":[{"embeddable":true,"href":"https:\/\/www.abcsealants.com\/en\/wp-json\/wp\/v2\/users\/6"}],"replies":[{"embeddable":true,"href":"https:\/\/www.abcsealants.com\/en\/wp-json\/wp\/v2\/comments?post=79"}],"version-history":[{"count":0,"href":"https:\/\/www.abcsealants.com\/en\/wp-json\/wp\/v2\/pages\/79\/revisions"}],"up":[{"embeddable":true,"href":"https:\/\/www.abcsealants.com\/en\/wp-json\/wp\/v2\/pages\/65"}],"wp:featuredmedia":[{"embeddable":true,"href":"https:\/\/www.abcsealants.com\/en\/wp-json\/wp\/v2\/media\/573"}],"wp:attachment":[{"href":"https:\/\/www.abcsealants.com\/en\/wp-json\/wp\/v2\/media?parent=79"}],"curies":[{"name":"wp","href":"https:\/\/api.w.org\/{rel}","templated":true}]}}