{"id":83,"date":"2018-02-25T23:55:41","date_gmt":"2018-02-25T20:55:41","guid":{"rendered":"http:\/\/abc.test\/?page_id=83"},"modified":"2018-04-16T09:33:57","modified_gmt":"2018-04-16T06:33:57","slug":"yasal-notlar","status":"publish","type":"page","link":"https:\/\/www.abcsealants.com\/en\/yasal-politikalar\/yasal-notlar\/","title":{"rendered":"Yasal Notlar"},"content":{"rendered":"<p><b>Eri\u015fim K\u0131s\u0131tlamalar\u0131<\/b><\/p>\n<p>Bu web sitesinde (bundan b\u00f6yle \u201cSite\u201d olarak an\u0131lacakt\u0131r) yer alan bilgilerin, bir \u00fclkede veya b\u00f6lgede veya bir ki\u015fi taraf\u0131ndan kullan\u0131lmas\u0131 herhangi bir kanunun ihl\u00e2line yol a\u00e7acaksa, s\u00f6z konusu bilgiler, o \u00fclkede veya b\u00f6lgede veya o ki\u015fi taraf\u0131ndan kullan\u0131lamaz. Bu h\u00fck\u00fcm sizin i\u00e7in de ge\u00e7erliyse, bu Sitedeki hi\u00e7bir bilgiye eri\u015fme ve kullanma yetkiniz yoktur.<\/p>\n<p><b>Kullan\u0131m Ko\u015fullar\u0131<\/b><\/p>\n<p>Site\u2019ye eri\u015fiminiz ve\/veya kullan\u0131m\u0131n\u0131za ili\u015fkin bu ko\u015fullar\u0131 (bundan b\u00f6yle \u201cKullan\u0131m Ko\u015fullar\u0131\u201d olarak an\u0131lacakt\u0131r) l\u00fctfen dikkatle okuyunuz. Site\u2019ye veya herhangi bir sayfas\u0131na eri\u015ferek, bu Kullan\u0131m Ko\u015fullar\u0131\u2019n\u0131 anlad\u0131\u011f\u0131n\u0131z\u0131 ve mutab\u0131k oldu\u011funuzu kabul etmi\u015f oluyorsunuz. Kullan\u0131m Ko\u015fullar\u0131\u2019n\u0131 kabul etmiyorsan\u0131z, l\u00fctfen Site\u2019ye eri\u015fmeyiniz veya kullanmay\u0131n\u0131z. Bu Kullan\u0131m Ko\u015fullar\u0131 herhangi bir zamanda&amp;nbsp;de\u011fi\u015febilir.<\/p>\n<p>Bu Site, \u0130svi\u00e7re\u2019de kurulu bir \u015firket olan Sika AG\u2019ye (bundan b\u00f6yle \u201c\u015eirket\u201d olarak an\u0131lacakt\u0131r) aittir ve Sika AG taraf\u0131ndan i\u015fletilmektedir. Bu Site ve Kullan\u0131m Ko\u015fullar\u0131 \u0130svi\u00e7re kanunlar\u0131na t\u00e2bidir ve \u0130svi\u00e7re kanunlar\u0131na g\u00f6re yorumlanacakt\u0131r.<\/p>\n<p><b>Sorumlulu\u011fun Reddine Dair Genel Beyan<\/b><\/p>\n<p>Bu Site\u2019de yer alan materyaller ve bilgiler \u201coldu\u011fu gibi\u201d esas\u0131nda ve z\u0131mn\u00ee ya da alen\u00ee herhangi bir garanti i\u00e7ermeksizin sunulmaktad\u0131r. Bunlarla s\u0131n\u0131rl\u0131 olmaks\u0131z\u0131n ve fakat ticarete elveri\u015flilik ve belirli bir amaca uygunlukla ilgili z\u0131mni garantiler dahil her t\u00fcrl\u00fc garantiyi reddediyoruz. \u0130\u00e7erik, i\u015flevsellik, ba\u011flant\u0131lar veya ileti\u015fimde meydana gelebilecek kusurlar veya hatalar veya d\u00fczeltmeler; ileti\u015fim kesintileri veya \u00e7ak\u0131\u015fmalar\u0131 veya veri kayb\u0131yla ilgili ya da vir\u00fcslerin veya ba\u015fka zararl\u0131 bile\u015fenlerin varolmad\u0131\u011f\u0131na ili\u015fkin beyan ve garantiler dahil, i\u00e7erik, i\u015flevsellik, ba\u011flant\u0131lar veya ileti\u015fimle ilgili hi\u00e7bir beyan veya garantide bulunulmamaktad\u0131r.<\/p>\n<p>Bu Site arac\u0131l\u0131\u011f\u0131yla veya bu Site\u2019nin ba\u011flant\u0131 sa\u011flad\u0131\u011f\u0131 veya bu Site\u2019ye ba\u011flant\u0131 sa\u011flayan herhangi bir web sitesi arac\u0131l\u0131\u011f\u0131yla eri\u015filebilen her t\u00fcrl\u00fc bilgi, veri, metin, imge veya ba\u015fka materyalin taranmas\u0131 veya indirilmesiyle ba\u011flant\u0131l\u0131 zararlar dahil, bu Site\u2019ye veya fonksiyonlar\u0131na veya \u00f6zelliklerine eri\u015filmesinden veya kullan\u0131lmas\u0131ndan ya da eri\u015filememesi veya kullan\u0131lamamas\u0131ndan kaynaklanan veya bunlarla ba\u011flant\u0131l\u0131 her t\u00fcrl\u00fc netice kabilinden, dolayl\u0131, ar\u0131zi ve \u00f6zel veya do\u011frudan zarar dahil hi\u00e7bir masraf veya zarar i\u00e7in \u015eirket, hi\u00e7bir \u015fekilde herhangi bir \u00fc\u00e7\u00fcnc\u00fc \u015fahsa kar\u015f\u0131 sorumlu de\u011fildir.<\/p>\n<p>Bu Site\u2019de yer alan fikirlerin, hizmetlerin veya ba\u015fka bilgilerin do\u011fru, tam, eksiksiz, g\u00fcvenilir ve faydal\u0131 olup olmad\u0131\u011f\u0131n\u0131 de\u011ferlendirmek bu Site\u2019nin kullan\u0131c\u0131s\u0131n\u0131n sorumlulu\u011fudur. Bu Site\u2019de yer alan hi\u00e7bir bilgi; hukuk, muhasebe, vergi, finans, yat\u0131r\u0131m veya ba\u015fka bir uzmanl\u0131k dal\u0131yla ilgili bir \u00f6neri ya da bilimsel olgular veya sorunlarla ilgili bir \u00f6neri olarak yorumlanmamal\u0131 ve esas al\u0131nmamal\u0131d\u0131r. Buna uygun olarak, bu bilgilerin kullan\u0131lmas\u0131 veya yanl\u0131\u015f kullan\u0131lmas\u0131 nedeniyle herhangi bir sorumluluk kabul edilmez. Bu Site\u2019nin kullan\u0131c\u0131lar\u0131, ki\u015fisel durumlar\u0131yla ilgili olarak, profesyonel dan\u0131\u015fmanlar\u0131na dan\u0131\u015fmal\u0131d\u0131rlar.<\/p>\n<p><b>Bu Site Bir Teklif \u0130\u00e7ermez<\/b><\/p>\n","protected":false},"excerpt":{"rendered":"<p>Eri\u015fim K\u0131s\u0131tlamalar\u0131 Bu web sitesinde (bundan b\u00f6yle \u201cSite\u201d olarak an\u0131lacakt\u0131r) yer alan bilgilerin, bir \u00fclkede veya b\u00f6lgede veya bir ki\u015fi taraf\u0131ndan kullan\u0131lmas\u0131 herhangi bir kanunun ihl\u00e2line yol a\u00e7acaksa, s\u00f6z konusu bilgiler, o \u00fclkede veya b\u00f6lgede veya o ki\u015fi taraf\u0131ndan kullan\u0131lamaz. Bu h\u00fck\u00fcm sizin i\u00e7in de ge\u00e7erliyse, bu Sitedeki hi\u00e7bir bilgiye eri\u015fme ve kullanma yetkiniz yoktur. [&hellip;]<\/p>\n","protected":false},"author":6,"featured_media":0,"parent":67,"menu_order":17,"comment_status":"closed","ping_status":"closed","template":"","meta":{"_acf_changed":false,"footnotes":""},"class_list":["post-83","page","type-page","status-publish","hentry"],"translation":{"provider":"WPGlobus","version":"3.0.2","language":"en","enabled_languages":["tr","en"],"languages":{"tr":{"title":true,"content":true,"excerpt":false},"en":{"title":false,"content":false,"excerpt":false}}},"acf":[],"_links":{"self":[{"href":"https:\/\/www.abcsealants.com\/en\/wp-json\/wp\/v2\/pages\/83","targetHints":{"allow":["GET"]}}],"collection":[{"href":"https:\/\/www.abcsealants.com\/en\/wp-json\/wp\/v2\/pages"}],"about":[{"href":"https:\/\/www.abcsealants.com\/en\/wp-json\/wp\/v2\/types\/page"}],"author":[{"embeddable":true,"href":"https:\/\/www.abcsealants.com\/en\/wp-json\/wp\/v2\/users\/6"}],"replies":[{"embeddable":true,"href":"https:\/\/www.abcsealants.com\/en\/wp-json\/wp\/v2\/comments?post=83"}],"version-history":[{"count":0,"href":"https:\/\/www.abcsealants.com\/en\/wp-json\/wp\/v2\/pages\/83\/revisions"}],"up":[{"embeddable":true,"href":"https:\/\/www.abcsealants.com\/en\/wp-json\/wp\/v2\/pages\/67"}],"wp:attachment":[{"href":"https:\/\/www.abcsealants.com\/en\/wp-json\/wp\/v2\/media?parent=83"}],"curies":[{"name":"wp","href":"https:\/\/api.w.org\/{rel}","templated":true}]}}