{"id":85,"date":"2018-02-25T23:55:58","date_gmt":"2018-02-25T20:55:58","guid":{"rendered":"http:\/\/abc.test\/?page_id=85"},"modified":"2023-05-09T00:02:10","modified_gmt":"2023-05-08T21:02:10","slug":"isgcs-politikasi","status":"publish","type":"page","link":"https:\/\/www.abcsealants.com\/en\/yasal-politikalar\/isgcs-politikasi\/","title":{"rendered":"\u0130SG\u00c7S Politikas\u0131"},"content":{"rendered":"\n<div data-wp-interactive=\"core\/file\" class=\"wp-block-file\"><object data-wp-bind--hidden=\"!state.hasPdfPreview\" hidden class=\"wp-block-file__embed\" data=\"http:\/\/www.abcsealants.com\/wp-content\/uploads\/2023\/05\/I\u0307SGC\u0327S-Politikasi-rev-2023.pdf\" type=\"application\/pdf\" style=\"width:100%;height:600px\" aria-label=\"Embed of I\u0307SGC\u0327S-Politikasi-rev-2023.\"><\/object><a id=\"wp-block-file--media-54fbf38f-5d9f-48d9-a317-6e6a150fcde7\" href=\"http:\/\/www.abcsealants.com\/wp-content\/uploads\/2023\/05\/I\u0307SGC\u0327S-Politikasi-rev-2023.pdf\">I\u0307SGC\u0327S-Politikasi-rev-2023<\/a><a href=\"http:\/\/www.abcsealants.com\/wp-content\/uploads\/2023\/05\/I\u0307SGC\u0327S-Politikasi-rev-2023.pdf\" class=\"wp-block-file__button wp-element-button\" download aria-describedby=\"wp-block-file--media-54fbf38f-5d9f-48d9-a317-6e6a150fcde7\">\u0130ndir<\/a><\/div>\n","protected":false},"excerpt":{"rendered":"","protected":false},"author":6,"featured_media":0,"parent":67,"menu_order":15,"comment_status":"closed","ping_status":"closed","template":"","meta":{"_acf_changed":false,"footnotes":""},"class_list":["post-85","page","type-page","status-publish","hentry"],"translation":{"provider":"WPGlobus","version":"3.0.2","language":"en","enabled_languages":["tr","en"],"languages":{"tr":{"title":true,"content":true,"excerpt":false},"en":{"title":false,"content":false,"excerpt":false}}},"acf":[],"_links":{"self":[{"href":"https:\/\/www.abcsealants.com\/en\/wp-json\/wp\/v2\/pages\/85","targetHints":{"allow":["GET"]}}],"collection":[{"href":"https:\/\/www.abcsealants.com\/en\/wp-json\/wp\/v2\/pages"}],"about":[{"href":"https:\/\/www.abcsealants.com\/en\/wp-json\/wp\/v2\/types\/page"}],"author":[{"embeddable":true,"href":"https:\/\/www.abcsealants.com\/en\/wp-json\/wp\/v2\/users\/6"}],"replies":[{"embeddable":true,"href":"https:\/\/www.abcsealants.com\/en\/wp-json\/wp\/v2\/comments?post=85"}],"version-history":[{"count":0,"href":"https:\/\/www.abcsealants.com\/en\/wp-json\/wp\/v2\/pages\/85\/revisions"}],"up":[{"embeddable":true,"href":"https:\/\/www.abcsealants.com\/en\/wp-json\/wp\/v2\/pages\/67"}],"wp:attachment":[{"href":"https:\/\/www.abcsealants.com\/en\/wp-json\/wp\/v2\/media?parent=85"}],"curies":[{"name":"wp","href":"https:\/\/api.w.org\/{rel}","templated":true}]}}