{"id":89,"date":"2018-02-25T23:56:25","date_gmt":"2018-02-25T20:56:25","guid":{"rendered":"http:\/\/abc.test\/?page_id=89"},"modified":"2018-04-16T11:43:27","modified_gmt":"2018-04-16T08:43:27","slug":"bilgi-guvenligi-politikalari","status":"publish","type":"page","link":"https:\/\/www.abcsealants.com\/en\/yasal-politikalar\/bilgi-guvenligi-politikalari\/","title":{"rendered":"Bilgi G\u00fcvenli\u011fi Politikalar\u0131"},"content":{"rendered":"<p><a href=\"http:\/\/abc.gizomo.com\/wp-content\/uploads\/2018\/04\/Bilgi-G\u00fcvenli\u011fi-Y\u00f6netim-Sistemi.pdf\">Bilgi G\u00fcvenli\u011fi Y\u00f6netim Sistemi<\/a><\/p>\n","protected":false},"excerpt":{"rendered":"<p>Bilgi G\u00fcvenli\u011fi Y\u00f6netim Sistemi<\/p>\n","protected":false},"author":6,"featured_media":0,"parent":67,"menu_order":14,"comment_status":"closed","ping_status":"closed","template":"","meta":{"_acf_changed":false,"footnotes":""},"class_list":["post-89","page","type-page","status-publish","hentry"],"translation":{"provider":"WPGlobus","version":"3.0.2","language":"en","enabled_languages":["tr","en"],"languages":{"tr":{"title":true,"content":true,"excerpt":false},"en":{"title":false,"content":false,"excerpt":false}}},"acf":[],"_links":{"self":[{"href":"https:\/\/www.abcsealants.com\/en\/wp-json\/wp\/v2\/pages\/89","targetHints":{"allow":["GET"]}}],"collection":[{"href":"https:\/\/www.abcsealants.com\/en\/wp-json\/wp\/v2\/pages"}],"about":[{"href":"https:\/\/www.abcsealants.com\/en\/wp-json\/wp\/v2\/types\/page"}],"author":[{"embeddable":true,"href":"https:\/\/www.abcsealants.com\/en\/wp-json\/wp\/v2\/users\/6"}],"replies":[{"embeddable":true,"href":"https:\/\/www.abcsealants.com\/en\/wp-json\/wp\/v2\/comments?post=89"}],"version-history":[{"count":0,"href":"https:\/\/www.abcsealants.com\/en\/wp-json\/wp\/v2\/pages\/89\/revisions"}],"up":[{"embeddable":true,"href":"https:\/\/www.abcsealants.com\/en\/wp-json\/wp\/v2\/pages\/67"}],"wp:attachment":[{"href":"https:\/\/www.abcsealants.com\/en\/wp-json\/wp\/v2\/media?parent=89"}],"curies":[{"name":"wp","href":"https:\/\/api.w.org\/{rel}","templated":true}]}}